{"id":81,"date":"2022-06-10T13:12:53","date_gmt":"2022-06-10T11:12:53","guid":{"rendered":"https:\/\/diu.sportnutritionsante.eu\/?page_id=81"},"modified":"2022-09-26T17:18:10","modified_gmt":"2022-09-26T15:18:10","slug":"diu-sport-sante","status":"publish","type":"page","link":"https:\/\/diu.sportnutritionsante.eu\/index.php\/diu-sport-sante\/","title":{"rendered":"DIU Sport Sant\u00e9"},"content":{"rendered":"\n<p class=\"has-large-font-size\">Dipl\u00f4me Inter-Universitaire (DIU) Sport Sant\u00e9<\/p>\n\n\n\n<p><strong>Session 2022-2023<\/strong><\/p>\n\n\n\n<p>Cette formation vous apportera les connaissances th\u00e9oriques et pratiques<strong> pour la mise \u00e0 l\u2019activit\u00e9 physiques ou sportive (APS) \u00e0 titre pr\u00e9ventif primaire ou \u00e0 titre th\u00e9rapeutique<\/strong> (pr\u00e9ventions secondaire et tertiaire), depuis la prescription d\u2019APS par le m\u00e9decin jusqu\u2019\u00e0 la pratique en club ou association sportive.<\/p>\n\n\n\n<p><strong>Universit\u00e9s partenaires <\/strong>: Universit\u00e9 de Reims Champagne-Ardenne (URCA) et Universit\u00e9 de Paris (UdP)<\/p>\n\n\n\n<p><strong>Responsables de l&#8217;enseignement <\/strong>: Philippe Noirez (URCA) et Fran\u00e7ois Desgorces (UdP)<\/p>\n\n\n\n<p><strong>Forme de l&#8217;enseignement :<\/strong>&nbsp;hybride, en pr\u00e9sentiel (les cours auront lieu \u00e0 l&#8217;INSEP, 75012 et \u00e0 Reims) &amp; \u00e0 distance gr\u00e2ce \u00e0 la captation, synchrone &amp; asynchrone<\/p>\n\n\n\n<p>Les inscriptions se d\u00e9rouleront \u00e0 l&#8217;URCA \u00e0 partir du mois de septembre 2022 apr\u00e8s avis favorable de la commission p\u00e9dagogique. <\/p>\n\n\n\n<p><strong>Tarifs<\/strong> : 1800\u20ac si prise en charge compl\u00e8te ou partielle sinon 1300\u20ac<\/p>\n\n\n\n<p>D\u00e9posez votre candidature (cr\u00e9er votre compte ecandidat, formulaire \u00e0 remplir, CV, lettre de motivations, dipl\u00f4mes) : <a rel=\"noreferrer noopener\" href=\"https:\/\/candidatures.univ-reims.fr\/candidat\/#!offreFormationView\" target=\"_blank\">ici<\/a><\/p>\n\n\n\n<p><a href=\"https:\/\/odf.u-paris.fr\/fr\/offre-de-formation\/diplome-d-universite-du-diu-1\/sciences-humaines-et-sociales-SHS\/du-sport-sante-JI39CL4H.html\">Site de l&#8217;Universit\u00e9 de Paris<\/a><\/p>\n\n\n\n<p>Site de l&#8217;Universit\u00e9 de Reims Champagne Ardenne<\/p>\n\n\n\n<figure class=\"wp-block-image size-full\"><img loading=\"lazy\" decoding=\"async\" width=\"393\" height=\"70\" src=\"https:\/\/diu.sportnutritionsante.eu\/wp-content\/uploads\/2021\/06\/logo-urca-1.png\" alt=\"\" class=\"wp-image-17\" srcset=\"https:\/\/diu.sportnutritionsante.eu\/wp-content\/uploads\/2021\/06\/logo-urca-1.png 393w, https:\/\/diu.sportnutritionsante.eu\/wp-content\/uploads\/2021\/06\/logo-urca-1-300x53.png 300w\" sizes=\"auto, (max-width: 393px) 100vw, 393px\" \/><\/figure>\n","protected":false},"excerpt":{"rendered":"<p>Dipl\u00f4me Inter-Universitaire (DIU) Sport Sant\u00e9 Session 2022-2023 Cette formation vous apportera les connaissances th\u00e9oriques et pratiques pour la mise \u00e0 l\u2019activit\u00e9 physiques ou sportive (APS) \u00e0 titre pr\u00e9ventif primaire ou \u00e0 titre th\u00e9rapeutique (pr\u00e9ventions secondaire et tertiaire), depuis la prescription d\u2019APS par le m\u00e9decin jusqu\u2019\u00e0 la pratique en club ou association sportive. Universit\u00e9s partenaires : [&hellip;]<\/p>\n","protected":false},"author":1,"featured_media":0,"parent":0,"menu_order":0,"comment_status":"closed","ping_status":"closed","template":"","meta":{"footnotes":""},"class_list":["post-81","page","type-page","status-publish","hentry"],"_links":{"self":[{"href":"https:\/\/diu.sportnutritionsante.eu\/index.php\/wp-json\/wp\/v2\/pages\/81","targetHints":{"allow":["GET"]}}],"collection":[{"href":"https:\/\/diu.sportnutritionsante.eu\/index.php\/wp-json\/wp\/v2\/pages"}],"about":[{"href":"https:\/\/diu.sportnutritionsante.eu\/index.php\/wp-json\/wp\/v2\/types\/page"}],"author":[{"embeddable":true,"href":"https:\/\/diu.sportnutritionsante.eu\/index.php\/wp-json\/wp\/v2\/users\/1"}],"replies":[{"embeddable":true,"href":"https:\/\/diu.sportnutritionsante.eu\/index.php\/wp-json\/wp\/v2\/comments?post=81"}],"version-history":[{"count":8,"href":"https:\/\/diu.sportnutritionsante.eu\/index.php\/wp-json\/wp\/v2\/pages\/81\/revisions"}],"predecessor-version":[{"id":98,"href":"https:\/\/diu.sportnutritionsante.eu\/index.php\/wp-json\/wp\/v2\/pages\/81\/revisions\/98"}],"wp:attachment":[{"href":"https:\/\/diu.sportnutritionsante.eu\/index.php\/wp-json\/wp\/v2\/media?parent=81"}],"curies":[{"name":"wp","href":"https:\/\/api.w.org\/{rel}","templated":true}]}}